{"id":19303,"date":"2018-12-13T17:11:53","date_gmt":"2018-12-13T16:11:53","guid":{"rendered":"https:\/\/www.erling-verlag.com\/magazines\/frischelogistik\/"},"modified":"2025-04-03T14:40:55","modified_gmt":"2025-04-03T12:40:55","slug":"frischelogistik","status":"publish","type":"page","link":"https:\/\/www.erling-verlag.com\/en\/magazines\/frischelogistik\/","title":{"rendered":"Frischelogistik"},"content":{"rendered":"\t\t<div data-elementor-type=\"wp-page\" data-elementor-id=\"19303\" class=\"elementor elementor-19303 elementor-40\" data-elementor-post-type=\"page\">\n\t\t\t\t<div class=\"elementor-element elementor-element-5e0215c e-flex e-con-boxed e-con e-parent\" data-id=\"5e0215c\" data-element_type=\"container\" data-e-type=\"container\" data-settings=\"{&quot;background_background&quot;:&quot;classic&quot;,&quot;shape_divider_bottom&quot;:&quot;triangle-asymmetrical&quot;,&quot;background_motion_fx_motion_fx_scrolling&quot;:&quot;yes&quot;,&quot;background_motion_fx_translateY_effect&quot;:&quot;yes&quot;,&quot;background_motion_fx_translateY_speed&quot;:{&quot;unit&quot;:&quot;px&quot;,&quot;size&quot;:&quot;8&quot;,&quot;sizes&quot;:[]},&quot;background_motion_fx_translateY_affectedRange&quot;:{&quot;unit&quot;:&quot;%&quot;,&quot;size&quot;:&quot;&quot;,&quot;sizes&quot;:{&quot;start&quot;:&quot;0&quot;,&quot;end&quot;:&quot;55&quot;}},&quot;background_motion_fx_scale_effect&quot;:&quot;yes&quot;,&quot;background_motion_fx_scale_direction&quot;:&quot;in-out&quot;,&quot;shape_divider_bottom_negative&quot;:&quot;yes&quot;,&quot;background_motion_fx_scale_speed&quot;:{&quot;unit&quot;:&quot;px&quot;,&quot;size&quot;:4,&quot;sizes&quot;:[]},&quot;background_motion_fx_scale_range&quot;:{&quot;unit&quot;:&quot;%&quot;,&quot;size&quot;:&quot;&quot;,&quot;sizes&quot;:{&quot;start&quot;:20,&quot;end&quot;:80}},&quot;background_motion_fx_devices&quot;:[&quot;desktop&quot;,&quot;tablet&quot;,&quot;mobile&quot;]}\">\n\t\t\t\t\t<div class=\"e-con-inner\">\n\t\t\t\t<div class=\"elementor-shape elementor-shape-bottom\" aria-hidden=\"true\" data-negative=\"true\">\n\t\t\t<svg xmlns=\"http:\/\/www.w3.org\/2000\/svg\" viewBox=\"0 0 1000 100\" preserveAspectRatio=\"none\">\n\t<path class=\"elementor-shape-fill\" d=\"M737.9,94.7L0,0v100h1000V0L737.9,94.7z\"\/>\n<\/svg>\t\t<\/div>\n\t\t<div class=\"elementor-element elementor-element-b132b7d e-con-full e-flex e-con e-child\" data-id=\"b132b7d\" data-element_type=\"container\" data-e-type=\"container\">\n\t\t<div class=\"elementor-element elementor-element-cbe90d4 e-con-full e-flex e-con e-child\" data-id=\"cbe90d4\" data-element_type=\"container\" data-e-type=\"container\">\n\t\t\t\t<div class=\"elementor-element elementor-element-9d2a683 elementor-widget elementor-widget-image\" data-id=\"9d2a683\" data-element_type=\"widget\" data-e-type=\"widget\" data-widget_type=\"image.default\">\n\t\t\t\t<div class=\"elementor-widget-container\">\n\t\t\t\t\t\t\t\t\t\t\t\t\t\t\t<img fetchpriority=\"high\" decoding=\"async\" width=\"1688\" height=\"512\" src=\"https:\/\/www.erling-verlag.com\/wp-content\/uploads\/2018\/12\/frischelogistik-logo512.png\" class=\"attachment-medium_large size-medium_large wp-image-18515\" alt=\"\" srcset=\"https:\/\/www.erling-verlag.com\/wp-content\/uploads\/2018\/12\/frischelogistik-logo512.png 1688w, https:\/\/www.erling-verlag.com\/wp-content\/uploads\/2018\/12\/frischelogistik-logo512-300x91.png 300w, https:\/\/www.erling-verlag.com\/wp-content\/uploads\/2018\/12\/frischelogistik-logo512-1024x311.png 1024w, https:\/\/www.erling-verlag.com\/wp-content\/uploads\/2018\/12\/frischelogistik-logo512-1536x466.png 1536w, https:\/\/www.erling-verlag.com\/wp-content\/uploads\/2018\/12\/frischelogistik-logo512-600x182.png 600w\" sizes=\"(max-width: 1688px) 100vw, 1688px\" \/>\t\t\t\t\t\t\t\t\t\t\t\t\t\t\t<\/div>\n\t\t\t\t<\/div>\n\t\t\t\t<div class=\"elementor-element elementor-element-235abb3 elementor-widget elementor-widget-heading\" data-id=\"235abb3\" data-element_type=\"widget\" data-e-type=\"widget\" data-widget_type=\"heading.default\">\n\t\t\t\t<div class=\"elementor-widget-container\">\n\t\t\t\t\t<h1 class=\"elementor-heading-title elementor-size-default\">Das Fachmagazin<\/br>\nf\u00fcr die gesamte<\/br>\nFrische- &amp; Tiefk\u00fchlkette<\/h1>\t\t\t\t<\/div>\n\t\t\t\t<\/div>\n\t\t\t\t<\/div>\n\t\t<div class=\"elementor-element elementor-element-1bfec20 e-con-full e-flex e-con e-child\" data-id=\"1bfec20\" data-element_type=\"container\" data-e-type=\"container\">\n\t\t\t\t<div class=\"elementor-element elementor-element-57fe575 elementor-widget elementor-widget-image\" data-id=\"57fe575\" data-element_type=\"widget\" data-e-type=\"widget\" data-widget_type=\"image.default\">\n\t\t\t\t<div class=\"elementor-widget-container\">\n\t\t\t\t\t\t\t\t\t\t\t\t\t\t\t<img decoding=\"async\" width=\"800\" height=\"1132\" src=\"https:\/\/www.erling-verlag.com\/wp-content\/uploads\/2019\/02\/erling-verlag-frischelogistik-cover.jpg\" class=\"attachment-medium_large size-medium_large wp-image-18541\" alt=\"\" srcset=\"https:\/\/www.erling-verlag.com\/wp-content\/uploads\/2019\/02\/erling-verlag-frischelogistik-cover.jpg 800w, https:\/\/www.erling-verlag.com\/wp-content\/uploads\/2019\/02\/erling-verlag-frischelogistik-cover-212x300.jpg 212w, https:\/\/www.erling-verlag.com\/wp-content\/uploads\/2019\/02\/erling-verlag-frischelogistik-cover-724x1024.jpg 724w, https:\/\/www.erling-verlag.com\/wp-content\/uploads\/2019\/02\/erling-verlag-frischelogistik-cover-300x425.jpg 300w, https:\/\/www.erling-verlag.com\/wp-content\/uploads\/2019\/02\/erling-verlag-frischelogistik-cover-600x849.jpg 600w\" sizes=\"(max-width: 800px) 100vw, 800px\" \/>\t\t\t\t\t\t\t\t\t\t\t\t\t\t\t<\/div>\n\t\t\t\t<\/div>\n\t\t\t\t<\/div>\n\t\t\t\t<\/div>\n\t\t\t\t\t<\/div>\n\t\t\t\t<\/div>\n\t\t<div class=\"elementor-element elementor-element-807b915 e-flex e-con-boxed e-con e-parent\" data-id=\"807b915\" data-element_type=\"container\" data-e-type=\"container\">\n\t\t\t\t\t<div class=\"e-con-inner\">\n\t\t<div class=\"elementor-element elementor-element-bf44922 e-con-full e-flex e-con e-child\" data-id=\"bf44922\" data-element_type=\"container\" data-e-type=\"container\">\n\t\t<div class=\"elementor-element elementor-element-db8d22c e-con-full e-flex e-con e-child\" data-id=\"db8d22c\" data-element_type=\"container\" data-e-type=\"container\">\n\t\t\t\t<div class=\"elementor-element elementor-element-111accb elementor-drop-cap-yes elementor-drop-cap-view-default elementor-widget elementor-widget-text-editor\" data-id=\"111accb\" data-element_type=\"widget\" data-e-type=\"widget\" data-settings=\"{&quot;drop_cap&quot;:&quot;yes&quot;}\" data-widget_type=\"text-editor.default\">\n\t\t\t\t<div class=\"elementor-widget-container\">\n\t\t\t\t\t\t\t\t\t<p>Frischelogistik&#8221; is the trade journal for temperature-controlled logistics in German-speaking countries. She has been reporting on this specialized industry for more than ten years.<\/p><p>The cold chain is the subject of \u201eFRISCHELOGISTIK&#8221;. From the production of fresh and frozen foods to packaging and labeling, the entire transport and logistics chain to food retailers or bulk consumers in mass catering and gastronomy. But it&#8217;s not just food that uses temperature-controlled logistics: the pharmaceutical industry is equally dependent on a closed cold chain for an increasing number of products. Flowers are also only well received when they are fresh.<br \/>The trade journal &#8220;Frischelogistik&#8221; features user reports on exemplary solutions from the entire temperature-controlled logistics sector and introduces new products and services. It reports in detail from relevant trade shows and conferences.<\/p>\t\t\t\t\t\t\t\t<\/div>\n\t\t\t\t<\/div>\n\t\t\t\t<\/div>\n\t\t<div class=\"elementor-element elementor-element-10cd177 e-con-full e-flex e-con e-child\" data-id=\"10cd177\" data-element_type=\"container\" data-e-type=\"container\">\n\t\t\t\t<div class=\"elementor-element elementor-element-c884695 elementor-widget elementor-widget-video\" data-id=\"c884695\" data-element_type=\"widget\" data-e-type=\"widget\" data-settings=\"{&quot;video_type&quot;:&quot;hosted&quot;,&quot;autoplay&quot;:&quot;yes&quot;,&quot;play_on_mobile&quot;:&quot;yes&quot;,&quot;mute&quot;:&quot;yes&quot;,&quot;loop&quot;:&quot;yes&quot;}\" data-widget_type=\"video.default\">\n\t\t\t\t<div class=\"elementor-widget-container\">\n\t\t\t\t\t\t\t<div class=\"e-hosted-video elementor-wrapper elementor-open-inline\">\n\t\t\t\t\t<video class=\"elementor-video\" src=\"https:\/\/www.erling-verlag.com\/wp-content\/uploads\/2021\/11\/ev-film-website-frischelogistik.m4v\" autoplay=\"\" loop=\"\" muted=\"muted\" playsinline=\"\" controlsList=\"nodownload\"><\/video>\n\t\t\t\t<\/div>\n\t\t\t\t\t\t<\/div>\n\t\t\t\t<\/div>\n\t\t\t\t<div class=\"elementor-element elementor-element-7cea0ba elementor-align-justify elementor-widget elementor-widget-button\" data-id=\"7cea0ba\" data-element_type=\"widget\" data-e-type=\"widget\" data-widget_type=\"button.default\">\n\t\t\t\t<div class=\"elementor-widget-container\">\n\t\t\t\t\t\t\t\t\t<div class=\"elementor-button-wrapper\">\n\t\t\t\t\t<a class=\"elementor-button elementor-button-link elementor-size-sm elementor-animation-grow\" href=\"https:\/\/www.frischelogistik.com\" target=\"_blank\" rel=\"nofollow\">\n\t\t\t\t\t\t<span class=\"elementor-button-content-wrapper\">\n\t\t\t\t\t\t\t\t\t<span class=\"elementor-button-text\">to the website<\/span>\n\t\t\t\t\t<\/span>\n\t\t\t\t\t<\/a>\n\t\t\t\t<\/div>\n\t\t\t\t\t\t\t\t<\/div>\n\t\t\t\t<\/div>\n\t\t\t\t<div class=\"elementor-element elementor-element-fee8ed2 elementor-widget elementor-widget-spacer\" data-id=\"fee8ed2\" data-element_type=\"widget\" data-e-type=\"widget\" data-widget_type=\"spacer.default\">\n\t\t\t\t<div class=\"elementor-widget-container\">\n\t\t\t\t\t\t\t<div class=\"elementor-spacer\">\n\t\t\t<div class=\"elementor-spacer-inner\"><\/div>\n\t\t<\/div>\n\t\t\t\t\t\t<\/div>\n\t\t\t\t<\/div>\n\t\t\t\t<div class=\"elementor-element elementor-element-b361fda elementor-widget elementor-widget-text-editor\" data-id=\"b361fda\" data-element_type=\"widget\" data-e-type=\"widget\" data-widget_type=\"text-editor.default\">\n\t\t\t\t<div class=\"elementor-widget-container\">\n\t\t\t\t\t\t\t\t\t<p>&#8220;Frischelogistik&#8221; is published in cooperation with the Verband deutscher K\u00fchlh\u00e4user und K\u00fchllogistikunternehmen e. V. (VDKL) and Transfrigoroute Deutschland e. V., the umbrella organization for road refrigeration and food tanker transport in Germany.<\/p>\n\t\t\t\t\t\t\t\t<\/div>\n\t\t\t\t<\/div>\n\t\t\t\t<\/div>\n\t\t\t\t<\/div>\n\t\t\t\t\t<\/div>\n\t\t\t\t<\/div>\n\t\t<div class=\"elementor-element elementor-element-0998535 e-con-full e-flex e-con e-parent\" data-id=\"0998535\" data-element_type=\"container\" data-e-type=\"container\" data-settings=\"{&quot;background_background&quot;:&quot;classic&quot;,&quot;background_motion_fx_motion_fx_scrolling&quot;:&quot;yes&quot;,&quot;background_motion_fx_translateY_effect&quot;:&quot;yes&quot;,&quot;background_motion_fx_translateY_speed&quot;:{&quot;unit&quot;:&quot;px&quot;,&quot;size&quot;:&quot;8&quot;,&quot;sizes&quot;:[]},&quot;background_motion_fx_translateY_affectedRange&quot;:{&quot;unit&quot;:&quot;%&quot;,&quot;size&quot;:&quot;&quot;,&quot;sizes&quot;:{&quot;start&quot;:&quot;0&quot;,&quot;end&quot;:&quot;55&quot;}},&quot;background_motion_fx_scale_effect&quot;:&quot;yes&quot;,&quot;background_motion_fx_scale_direction&quot;:&quot;in-out&quot;,&quot;shape_divider_top&quot;:&quot;triangle-asymmetrical&quot;,&quot;background_motion_fx_scale_speed&quot;:{&quot;unit&quot;:&quot;px&quot;,&quot;size&quot;:4,&quot;sizes&quot;:[]},&quot;background_motion_fx_scale_range&quot;:{&quot;unit&quot;:&quot;%&quot;,&quot;size&quot;:&quot;&quot;,&quot;sizes&quot;:{&quot;start&quot;:20,&quot;end&quot;:80}},&quot;background_motion_fx_devices&quot;:[&quot;desktop&quot;,&quot;tablet&quot;,&quot;mobile&quot;]}\">\n\t\t\t\t<div class=\"elementor-shape elementor-shape-top\" aria-hidden=\"true\" data-negative=\"false\">\n\t\t\t<svg xmlns=\"http:\/\/www.w3.org\/2000\/svg\" viewBox=\"0 0 1000 100\" preserveAspectRatio=\"none\">\n\t<path class=\"elementor-shape-fill\" d=\"M738,99l262-93V0H0v5.6L738,99z\"\/>\n<\/svg>\t\t<\/div>\n\t\t<div class=\"elementor-element elementor-element-23699f2 e-con-full e-flex e-con e-child\" data-id=\"23699f2\" data-element_type=\"container\" data-e-type=\"container\" data-settings=\"{&quot;background_background&quot;:&quot;classic&quot;}\">\n\t\t\t\t<\/div>\n\t\t\t\t<\/div>\n\t\t\t\t<\/div>\n\t\t","protected":false},"excerpt":{"rendered":"<p>Das Fachmagazin f\u00fcr die gesamte Frische- &amp; Tiefk\u00fchlkette Frischelogistik&#8221; is the trade journal for temperature-controlled logistics in German-speaking countries. She has been reporting on this specialized industry for more than ten years. The cold chain is the subject of \u201eFRISCHELOGISTIK&#8221;. From the production of fresh and frozen foods to packaging and labeling, the entire transport [&hellip;]<\/p>\n","protected":false},"author":3,"featured_media":0,"parent":19301,"menu_order":0,"comment_status":"closed","ping_status":"closed","template":"","meta":{"_acf_changed":false,"footnotes":""},"class_list":["post-19303","page","type-page","status-publish","hentry"],"acf":[],"_links":{"self":[{"href":"https:\/\/www.erling-verlag.com\/en\/wp-json\/wp\/v2\/pages\/19303","targetHints":{"allow":["GET"]}}],"collection":[{"href":"https:\/\/www.erling-verlag.com\/en\/wp-json\/wp\/v2\/pages"}],"about":[{"href":"https:\/\/www.erling-verlag.com\/en\/wp-json\/wp\/v2\/types\/page"}],"author":[{"embeddable":true,"href":"https:\/\/www.erling-verlag.com\/en\/wp-json\/wp\/v2\/users\/3"}],"replies":[{"embeddable":true,"href":"https:\/\/www.erling-verlag.com\/en\/wp-json\/wp\/v2\/comments?post=19303"}],"version-history":[{"count":0,"href":"https:\/\/www.erling-verlag.com\/en\/wp-json\/wp\/v2\/pages\/19303\/revisions"}],"up":[{"embeddable":true,"href":"https:\/\/www.erling-verlag.com\/en\/wp-json\/wp\/v2\/pages\/19301"}],"wp:attachment":[{"href":"https:\/\/www.erling-verlag.com\/en\/wp-json\/wp\/v2\/media?parent=19303"}],"curies":[{"name":"wp","href":"https:\/\/api.w.org\/{rel}","templated":true}]}}