{"id":19309,"date":"2018-12-13T17:12:28","date_gmt":"2018-12-13T16:12:28","guid":{"rendered":"https:\/\/www.erling-verlag.com\/magazines\/zeitschrift-fuer-arznei-gewuerzpflanzen\/"},"modified":"2024-03-26T19:20:17","modified_gmt":"2024-03-26T18:20:17","slug":"zeitschrift-fuer-arznei-gewuerzpflanzen","status":"publish","type":"page","link":"https:\/\/www.erling-verlag.com\/en\/magazines\/zeitschrift-fuer-arznei-gewuerzpflanzen\/","title":{"rendered":"Zeitschrift f\u00fcr Arznei- &amp; Gew\u00fcrzpflanzen"},"content":{"rendered":"\t\t<div data-elementor-type=\"wp-page\" data-elementor-id=\"19309\" class=\"elementor elementor-19309 elementor-42\" data-elementor-post-type=\"page\">\n\t\t\t\t<div class=\"elementor-element elementor-element-855872b e-flex e-con-boxed e-con e-parent\" data-id=\"855872b\" data-element_type=\"container\" data-e-type=\"container\" data-settings=\"{&quot;background_background&quot;:&quot;video&quot;,&quot;background_video_link&quot;:&quot;https:\\\/\\\/www.erling-verlag.com\\\/wp-content\\\/uploads\\\/2021\\\/05\\\/ev-headerfilm-start-2021.mp4&quot;,&quot;shape_divider_bottom&quot;:&quot;triangle-asymmetrical&quot;,&quot;shape_divider_bottom_negative&quot;:&quot;yes&quot;,&quot;background_motion_fx_translateY_effect&quot;:&quot;yes&quot;,&quot;background_motion_fx_translateY_speed&quot;:{&quot;unit&quot;:&quot;px&quot;,&quot;size&quot;:&quot;8&quot;,&quot;sizes&quot;:[]},&quot;background_motion_fx_translateY_affectedRange&quot;:{&quot;unit&quot;:&quot;%&quot;,&quot;size&quot;:&quot;&quot;,&quot;sizes&quot;:{&quot;start&quot;:&quot;0&quot;,&quot;end&quot;:&quot;55&quot;}},&quot;background_motion_fx_scale_effect&quot;:&quot;yes&quot;,&quot;background_motion_fx_scale_direction&quot;:&quot;in-out&quot;,&quot;background_motion_fx_scale_speed&quot;:{&quot;unit&quot;:&quot;px&quot;,&quot;size&quot;:4,&quot;sizes&quot;:[]},&quot;background_motion_fx_scale_range&quot;:{&quot;unit&quot;:&quot;%&quot;,&quot;size&quot;:&quot;&quot;,&quot;sizes&quot;:{&quot;start&quot;:20,&quot;end&quot;:80}},&quot;background_motion_fx_devices&quot;:[&quot;desktop&quot;,&quot;tablet&quot;,&quot;mobile&quot;]}\">\n\t\t\t\t\t<div class=\"e-con-inner\">\n\t\t<div class=\"elementor-background-video-container elementor-hidden-mobile\">\n\t\t\t\t\t\t\t<video class=\"elementor-background-video-hosted\" role=\"presentation\" autoplay muted playsinline loop><\/video>\n\t\t\t\t\t<\/div>\t\t<div class=\"elementor-shape elementor-shape-bottom\" aria-hidden=\"true\" data-negative=\"true\">\n\t\t\t<svg xmlns=\"http:\/\/www.w3.org\/2000\/svg\" viewBox=\"0 0 1000 100\" preserveAspectRatio=\"none\">\n\t<path class=\"elementor-shape-fill\" d=\"M737.9,94.7L0,0v100h1000V0L737.9,94.7z\"\/>\n<\/svg>\t\t<\/div>\n\t\t\t\t<div class=\"elementor-element elementor-element-a8414f6 elementor-widget elementor-widget-heading\" data-id=\"a8414f6\" data-element_type=\"widget\" data-e-type=\"widget\" data-widget_type=\"heading.default\">\n\t\t\t\t<div class=\"elementor-widget-container\">\n\t\t\t\t\t<h1 class=\"elementor-heading-title elementor-size-default\">Zeitschrift f\u00fcr <\/br>Arznei- &amp; Gew\u00fcrzpflanzen<\/h1>\t\t\t\t<\/div>\n\t\t\t\t<\/div>\n\t\t\t\t\t<\/div>\n\t\t\t\t<\/div>\n\t\t<div class=\"elementor-element elementor-element-765d279 e-flex e-con-boxed e-con e-parent\" data-id=\"765d279\" data-element_type=\"container\" data-e-type=\"container\">\n\t\t\t\t\t<div class=\"e-con-inner\">\n\t\t<div class=\"elementor-element elementor-element-a8db1e3 e-con-full e-flex e-con e-child\" data-id=\"a8db1e3\" data-element_type=\"container\" data-e-type=\"container\">\n\t\t<div class=\"elementor-element elementor-element-dbc42d9 e-con-full e-flex e-con e-child\" data-id=\"dbc42d9\" data-element_type=\"container\" data-e-type=\"container\">\n\t\t<div class=\"elementor-element elementor-element-1524845 e-con-full e-flex e-con e-child\" data-id=\"1524845\" data-element_type=\"container\" data-e-type=\"container\">\n\t\t\t\t<div class=\"elementor-element elementor-element-74394df elementor-drop-cap-yes elementor-drop-cap-view-default elementor-widget elementor-widget-text-editor\" data-id=\"74394df\" data-element_type=\"widget\" data-e-type=\"widget\" data-settings=\"{&quot;drop_cap&quot;:&quot;yes&quot;}\" data-widget_type=\"text-editor.default\">\n\t\t\t\t<div class=\"elementor-widget-container\">\n\t\t\t\t\t\t\t\t\t<p>The &#8220;Zeitschrift f\u00fcr Arznei- &amp; Gew\u00fcrzpflanzen&#8221; (ZAG) is the central forum for the dissemination of information in all areas of knowledge related to the production of medicinal and aromatic plants. The contributions include current results from research and practice and convey a broad spectrum of industry-specific information in the areas of<\/p>\n<ul>\n<li>Botany<\/li>\n<li>Cultivation<\/li>\n<li>Harvest<\/li>\n<li>Preparation<\/li>\n<li>Processing<\/li>\n<li>Trade<\/li>\n<li>Analytics<\/li>\n<li>Economic efficiency<\/li>\n<li>Breeding<\/li>\n<li>Quality and quality assurance<\/li>\n<li>Business Administration<\/li>\n<\/ul>\n<p>In addition, ZAG provides up-to-date information on everything that is important in the industry, such as events, personnel matters, and new, promising processes and products. Plant portraits, company profiles, tips, expert opinions and short news items round off the content.<\/p>\n\t\t\t\t\t\t\t\t<\/div>\n\t\t\t\t<\/div>\n\t\t\t\t<div class=\"elementor-element elementor-element-7b3aeb8 elementor-widget elementor-widget-accordion\" data-id=\"7b3aeb8\" data-element_type=\"widget\" data-e-type=\"widget\" data-widget_type=\"accordion.default\">\n\t\t\t\t<div class=\"elementor-widget-container\">\n\t\t\t\t\t\t\t<div class=\"elementor-accordion\">\n\t\t\t\t\t\t\t<div class=\"elementor-accordion-item\">\n\t\t\t\t\t<div id=\"elementor-tab-title-1291\" class=\"elementor-tab-title\" data-tab=\"1\" role=\"button\" aria-controls=\"elementor-tab-content-1291\" aria-expanded=\"false\">\n\t\t\t\t\t\t\t\t\t\t\t\t\t<span class=\"elementor-accordion-icon elementor-accordion-icon-left\" aria-hidden=\"true\">\n\t\t\t\t\t\t\t\t\t\t\t\t\t\t\t<span class=\"elementor-accordion-icon-closed\"><i class=\"fas fa-plus\"><\/i><\/span>\n\t\t\t\t\t\t\t\t<span class=\"elementor-accordion-icon-opened\"><i class=\"fas fa-minus\"><\/i><\/span>\n\t\t\t\t\t\t\t\t\t\t\t\t\t\t<\/span>\n\t\t\t\t\t\t\t\t\t\t\t\t<a class=\"elementor-accordion-title\" tabindex=\"0\">Editorial<\/a>\n\t\t\t\t\t<\/div>\n\t\t\t\t\t<div id=\"elementor-tab-content-1291\" class=\"elementor-tab-content elementor-clearfix\" data-tab=\"1\" role=\"region\" aria-labelledby=\"elementor-tab-title-1291\"><p>Dr. Bernd Hoppe<br \/>P +49 (0) 34 96 \/ 50 610 53<br \/><span style=\"color: #339966\"><a style=\"color: #339966\" href=\"mailto:red.zag@t-online.de\">red.zag<span style=\"color: #339966\">@t-online.de<\/span><\/a><\/span><\/p>\n<\/div>\n\t\t\t\t<\/div>\n\t\t\t\t\t\t\t<div class=\"elementor-accordion-item\">\n\t\t\t\t\t<div id=\"elementor-tab-title-1292\" class=\"elementor-tab-title\" data-tab=\"2\" role=\"button\" aria-controls=\"elementor-tab-content-1292\" aria-expanded=\"false\">\n\t\t\t\t\t\t\t\t\t\t\t\t\t<span class=\"elementor-accordion-icon elementor-accordion-icon-left\" aria-hidden=\"true\">\n\t\t\t\t\t\t\t\t\t\t\t\t\t\t\t<span class=\"elementor-accordion-icon-closed\"><i class=\"fas fa-plus\"><\/i><\/span>\n\t\t\t\t\t\t\t\t<span class=\"elementor-accordion-icon-opened\"><i class=\"fas fa-minus\"><\/i><\/span>\n\t\t\t\t\t\t\t\t\t\t\t\t\t\t<\/span>\n\t\t\t\t\t\t\t\t\t\t\t\t<a class=\"elementor-accordion-title\" tabindex=\"0\">Subscription management<\/a>\n\t\t\t\t\t<\/div>\n\t\t\t\t\t<div id=\"elementor-tab-content-1292\" class=\"elementor-tab-content elementor-clearfix\" data-tab=\"2\" role=\"region\" aria-labelledby=\"elementor-tab-title-1292\"><p>Nicole Schulze-Wons<br \/>P +49 (0) 58 44 \/ 97 11 88 0<br \/><span style=\"color: #339966\">mail@erling-verlag.com<\/span><\/p>\n<\/div>\n\t\t\t\t<\/div>\n\t\t\t\t\t\t\t\t<\/div>\n\t\t\t\t\t\t<\/div>\n\t\t\t\t<\/div>\n\t\t\t\t<div class=\"elementor-element elementor-element-660a6de elementor-align-justify elementor-widget elementor-widget-button\" data-id=\"660a6de\" data-element_type=\"widget\" data-e-type=\"widget\" data-widget_type=\"button.default\">\n\t\t\t\t<div class=\"elementor-widget-container\">\n\t\t\t\t\t\t\t\t\t<div class=\"elementor-button-wrapper\">\n\t\t\t\t\t<a class=\"elementor-button elementor-button-link elementor-size-sm elementor-animation-grow\" href=\"https:\/\/www.erling-verlag.com\/wp-content\/uploads\/2023\/01\/zag-mediadaten-2023.pdf\" target=\"_blank\" rel=\"nofollow\">\n\t\t\t\t\t\t<span class=\"elementor-button-content-wrapper\">\n\t\t\t\t\t\t\t\t\t<span class=\"elementor-button-text\">Download media data<\/span>\n\t\t\t\t\t<\/span>\n\t\t\t\t\t<\/a>\n\t\t\t\t<\/div>\n\t\t\t\t\t\t\t\t<\/div>\n\t\t\t\t<\/div>\n\t\t\t\t<\/div>\n\t\t\t\t<\/div>\n\t\t<div class=\"elementor-element elementor-element-fe42b78 e-con-full e-flex e-con e-child\" data-id=\"fe42b78\" data-element_type=\"container\" data-e-type=\"container\">\n\t\t\t\t<div class=\"elementor-element elementor-element-ada1f24 elementor-widget elementor-widget-text-editor\" data-id=\"ada1f24\" data-element_type=\"widget\" data-e-type=\"widget\" data-widget_type=\"text-editor.default\">\n\t\t\t\t<div class=\"elementor-widget-container\">\n\t\t\t\t\t\t\t\t\t<h5>\n            <strong>Current issue: 4\/2023<br \/><\/strong><br \/>\n          <\/h5>\n<p style=\"text-align: justify\">\n            <img fetchpriority=\"high\" decoding=\"async\" class=\"alignnone wp-image-21814\" src=\"https:\/\/www.erling-verlag.com\/wp-content\/uploads\/2024\/01\/zag-2023-4-digital-1.png\" alt=\"\" width=\"300\" height=\"424\" srcset=\"https:\/\/www.erling-verlag.com\/wp-content\/uploads\/2024\/01\/zag-2023-4-digital-1.png 596w, https:\/\/www.erling-verlag.com\/wp-content\/uploads\/2024\/01\/zag-2023-4-digital-1-212x300.png 212w, https:\/\/www.erling-verlag.com\/wp-content\/uploads\/2024\/01\/zag-2023-4-digital-1-300x424.png 300w\" sizes=\"(max-width: 300px) 100vw, 300px\" \/>\n          <\/p>\n<p>\n            <em>published on January 8, 2024<\/em>\n          <\/p>\n<p>\n            <strong>Focus topics:<\/strong>\n          <\/p>\n<ul>\n<li>The therapeutic benefits of hemp<em>(Cannabis<br \/><\/em> sativa L.)<em><br \/><\/em><\/li>\n<li><em>Colocynthis (Citrullus colocynthis<\/em> (L.) Schrad.)<\/li>\n<li>The Bernburg Winter Seminar for Medicinal and<br \/>Spice plants<\/li>\n<\/ul>\n<h5> <\/h5>\n<h5>How do you find articles?<\/h5>\n<p>\n            <em>We have compiled the past issues of the Zeitschrift f\u00fcr Arznei- &amp; Gew\u00fcrzpflanzen in an archive.<\/em>\n          <\/p>\n<p>\n            <em>You can find the issues you are interested in by entering the corresponding keyword in the search window.<\/em>\n          <\/p>\n<p>\n            <em>Issues can be purchased digitally as PDFs and downloaded directly. The purchased issues are stored in the customer account and are downloadable 3x.<\/em>\n          <\/p>\n\t\t\t\t\t\t\t\t<\/div>\n\t\t\t\t<\/div>\n\t\t\t\t<\/div>\n\t\t\t\t<\/div>\n\t\t<div class=\"elementor-element elementor-element-886c481 e-flex e-con-boxed e-con e-child\" data-id=\"886c481\" data-element_type=\"container\" data-e-type=\"container\">\n\t\t\t\t\t<div class=\"e-con-inner\">\n\t\t\t\t<div class=\"elementor-element elementor-element-977cba4 elementor-widget__width-initial elementor-search-form--skin-classic elementor-search-form--button-type-icon elementor-search-form--icon-search elementor-widget elementor-widget-search-form\" data-id=\"977cba4\" data-element_type=\"widget\" data-e-type=\"widget\" data-settings=\"{&quot;skin&quot;:&quot;classic&quot;}\" data-widget_type=\"search-form.default\">\n\t\t\t\t<div class=\"elementor-widget-container\">\n\t\t\t\t\t\t\t<search role=\"search\">\n\t\t\t<form class=\"elementor-search-form\" action=\"https:\/\/www.erling-verlag.com\/en\/\" method=\"get\">\n\t\t\t\t\t\t\t\t\t\t\t\t<div class=\"elementor-search-form__container\">\n\t\t\t\t\t<label class=\"elementor-screen-only\" for=\"elementor-search-form-977cba4\">Search<\/label>\n\n\t\t\t\t\t\n\t\t\t\t\t<input id=\"elementor-search-form-977cba4\" placeholder=\"Search...\" class=\"elementor-search-form__input\" type=\"search\" name=\"s\" value=\"\">\n\t\t\t\t\t<input type='hidden' name='lang' value='en' \/>\n\t\t\t\t\t\t\t\t\t\t\t<button class=\"elementor-search-form__submit\" type=\"submit\" aria-label=\"Search\">\n\t\t\t\t\t\t\t\t\t\t\t\t\t\t\t<i aria-hidden=\"true\" class=\"fas fa-search\"><\/i>\t\t\t\t\t\t\t\t\t\t\t\t\t<\/button>\n\t\t\t\t\t\n\t\t\t\t\t\t\t\t\t<\/div>\n\t\t\t<\/form>\n\t\t<\/search>\n\t\t\t\t\t\t<\/div>\n\t\t\t\t<\/div>\n\t\t\t\t<div class=\"elementor-element elementor-element-05740ec elementor-widget elementor-widget-ucaddon_woocommerce_product_grid\" data-id=\"05740ec\" data-element_type=\"widget\" data-e-type=\"widget\" data-widget_type=\"ucaddon_woocommerce_product_grid.default\">\n\t\t\t\t<div class=\"elementor-widget-container\">\n\t\t\t\t\t\n\n\t\t<link id='font-awesome-css' href='https:\/\/www.erling-verlag.com\/wp-content\/plugins\/unlimited-elements-for-elementor-premium\/assets_libraries\/font-awesome6\/fontawesome-all.min.css' type='text\/css' rel='stylesheet' >\n\t\t<link id='font-awesome-4-shim-css' href='https:\/\/www.erling-verlag.com\/wp-content\/plugins\/unlimited-elements-for-elementor-premium\/assets_libraries\/font-awesome6\/fontawesome-v4-shims.min.css' type='text\/css' rel='stylesheet' >\n\n<style>\/* widget: Woo Product Grid *\/\n\n\n\n#uc_woocommerce_product_grid_elementor_05740ec * {\n\t-webkit-box-sizing: border-box;\n\t-moz-box-sizing: border-box;\n\tbox-sizing: border-box;\n    \n}\n\n#uc_woocommerce_product_grid_elementor_05740ec .ue_woocommerce_product_label-custom-field{\n\tz-index: 100;\n}\n\n#uc_woocommerce_product_grid_elementor_05740ec .uc_post_grid_style_one_item{\n\ttransition: all.3s;\n}\n\n#uc_woocommerce_product_grid_elementor_05740ec span.add-to-cart__loader{\n  \tposition: absolute;\n  \tright: 0;\n  \ttop: 50%;\n  \ttransform: translate(0, -50%);\n  \tline-height: 1em;\n}\n#uc_woocommerce_product_grid_elementor_05740ec .add_to_cart_button.loading span.add-to-cart__loader{\n\tdisplay: inline-block !important;\n}\n\n#uc_woocommerce_product_grid_elementor_05740ec .uc-grid-count-buttons{\n\tdisplay: flex;\n}\n\n#uc_woocommerce_product_grid_elementor_05740ec .uc-grid-count-buttons button{\n\tdisplay: flex;\n    align-items:center;\n    justify-content:center;\n    flex-grow:0;\n    flex-shrink:0;\n    line-height:1em;\n}\n\n#uc_woocommerce_product_grid_elementor_05740ec .uc-grid-count-buttons button:disabled{\n\topacity:0.5;\n}\n\n#uc_woocommerce_product_grid_elementor_05740ec .uc-grid-count-buttons button svg{\n\theight:1em;\n    width:1em;\n}\n\n#uc_woocommerce_product_grid_elementor_05740ec input.uc-grid-count-buttons__number{\n  text-align:center;\n  flex-grow:1;\n}\n\n\n#uc_woocommerce_product_grid_elementor_05740ec \n{\n  margin:0 auto;\n  position:relative;  \n}\n\n.uc_post_grid_style_one .uc_post_grid_style_one_item {\n\tcolor: #111;\n\tfont-size: 16px;\n\toverflow: hidden;\n  \tposition: relative;\n}\n#uc_woocommerce_product_grid_elementor_05740ec .uc_post_grid_style_one_image {\n\twidth: 100%;\n\toverflow: hidden;\n\tdisplay: block;\n  \tposition: relative;\n}\n#uc_woocommerce_product_grid_elementor_05740ec .uc_post_image {\n    position:relative;\n\tdisplay: block;\n\ttransition: all 0.25s ease-in-out;\n    overflow:hidden;\n}\n\n#uc_woocommerce_product_grid_elementor_05740ec .uc_post_image--second{\n  \twidth: 100%;\n    height: 100%;\n    object-fit: cover;\n\tposition: absolute;\n  \ttop: 0;\n  \tright: 0;\n  \t  \t\t  \t\t\ttransform: translate(100%, 0);\n  \t\t    \n  \t \n  \ttransition: all .3s;\n}\n\n#uc_woocommerce_product_grid_elementor_05740ec .uc_post_grid_style_one_image:hover .uc_post_image--second{  \n  \t\t\ttransform: translate(0, 0);\n  \t}\n\n#uc_woocommerce_product_grid_elementor_05740ec  .uc_post_image img\n{\n  width:100%;\n  display: block;\n  transition:0.3s;\n}\n\n\n\n\n.uc_post_grid_style_one .uc_title {\n    font-size: 21px;\n}\n.uc_post_grid_style_one .uc_title a {\n\ttext-decoration: none;\n}\n\n#uc_woocommerce_product_grid_elementor_05740ec .uc_post_grid_style_one_button > button{\n\twidth: 100%;\n}\n\n#uc_woocommerce_product_grid_elementor_05740ec .uc_post_grid_style_one_button > a,\n#uc_woocommerce_product_grid_elementor_05740ec .uc_post_grid_style_one_button > button,\n#uc_woocommerce_product_grid_elementor_05740ec .uc-button-addcart,\n#uc_woocommerce_product_grid_elementor_05740ec .added_to_cart{\n\tdisplay: block;\n\ttext-align: center;\n    text-decoration: none;\n    text-transform: none;\n\ttransition: all 0.25s ease-in-out;\n    vertical-align: middle;\n}\n\n  #uc_woocommerce_product_grid_elementor_05740ec .uc-button-addcart.added{\n    display:none;\n  }\n\n#uc_woocommerce_product_grid_elementor_05740ec.uc_post_grid_style_one .uc_post_grid_style_one_wrap {\t\n    display: grid;\n}\n\n    #uc_woocommerce_product_grid_elementor_05740ec.uc_post_grid_style_one .uc_content{\n      flex-grow: 1;\n      display: flex;\n      flex-flow: column nowrap;\n    }\n    #uc_woocommerce_product_grid_elementor_05740ec .ue_grid_item_bottom\n    {\n      margin-top:auto;\n    }\n.uc_post_grid_style_one .uc_post_grid_style_one_item {\n\tflex-direction:column;\n    display:flex;\n}\n\n\n\n\n\n\n@media (max-width:1023px){\n\t#uc_woocommerce_product_grid_elementor_05740ec.uc_post_grid_style_one .uc_post_grid_style_one_wrap {\n\t\tgrid-template-columns: repeat(2, 1fr);\n\t}\n}\n@media (max-width:639px){\n\t#uc_woocommerce_product_grid_elementor_05740ec.uc_post_grid_style_one .uc_post_grid_style_one_wrap {\n\t\tgrid-template-columns: repeat(1, 1fr);\n\t}\n}\n\n\n\n\n#uc_woocommerce_product_grid_elementor_05740ec .ue_category_label\n{\n  display:block;\n  text-decoration:none;\n}\n\n\/* hide default arrows in input type number *\/\n\/* Chrome, Safari, Edge, Opera *\/\n#uc_woocommerce_product_grid_elementor_05740ec input.uc-grid-count-buttons__number::-webkit-outer-spin-button,\n#uc_woocommerce_product_grid_elementor_05740ec input.uc-grid-count-buttons__number::-webkit-inner-spin-button{\n\t-webkit-appearance: none;\n  \tmargin: 0;\n}\n\n\/* Firefox *\/\n#uc_woocommerce_product_grid_elementor_05740ec input.uc-grid-count-buttons__number[type=number]{\n\t-moz-appearance: textfield;\n}\n\/* end hide default arrows in input type number *\/\n\n.uc_regular_price\n{\n  text-decoration:line-through !important;\n}\n\ndel{\n  display: block;\n  color: #000;\n  opacity: .5;\n  font-size: 26px;\n  font-weight: 400;\n  text-decoration:line-through !important;\n}\n\nins{\n  color: #000;\n  font-size: 36px;\n  font-weight: 400;\n  text-decoration: none;\n}\n\n#uc_woocommerce_product_grid_elementor_05740ec .ue_woocommerce_product_carousel_sale_label\n{\n  display:inline-block;\n  position:absolute;\n  z-index: 1;\n  left:10px;\n  top:10px;\n}\n\n#uc_woocommerce_product_grid_elementor_05740ec .ue_woocommerce_product_grid_out_of_stock_label{\n  \t    position: absolute;\n  \t  \twidth: fit-content;\n  \tleft:10px;\n  \ttop:10px;\n  \tz-index: 1;\n}\n\n#uc_woocommerce_product_grid_elementor_05740ec .ue-inner-btn-wrapper\n{\n  display:flex;\n  align-items:center;\n  justify-content:center;\n  position: relative;\n  pointer-events: none;\n}\n\n<\/style>\n\n<div class=\"uc_post_grid_style_one woocommerce_product_grid  \" id=\"uc_woocommerce_product_grid_elementor_05740ec\"   style=\"direction:ltr;text-align:center;\">\n\t\t<div class=\"uc_post_grid_style_one_wrap uc-items-wrapper ue-woo-grid\">\n\t\t\t\n          \n          \n\t\t<\/div>\n<\/div>\n\n\n\n  <div id=\"uc_woocommerce_product_grid_elementor_05740ec_empty_message\" class=\"ue-no-posts-found\" >No products found<\/div>\n\n\t\t\t\t<\/div>\n\t\t\t\t<\/div>\n\t\t\t\t<div class=\"elementor-element elementor-element-46a049e elementor-widget elementor-widget-ucaddon_archive_pagination\" data-id=\"46a049e\" data-element_type=\"widget\" data-e-type=\"widget\" data-widget_type=\"ucaddon_archive_pagination.default\">\n\t\t\t\t<div class=\"elementor-widget-container\">\n\t\t\t\t\t\n\n\n<style>\/* widget: Post Pagination *\/\n\n#uc_archive_pagination_elementor_46a049e nav\n{\n  padding:0px;\n  margin:0px;\n}\n\n#uc_archive_pagination_elementor_46a049e \n{\n  display:flex;\n  flex-wrap: wrap;\n  justify-content:center;\n}\n\n#uc_archive_pagination_elementor_46a049e .nav-links\n{\n  display:flex;\n  justify-content:center;\n}\n\n#uc_archive_pagination_elementor_46a049e .nav-links > *\n{\n}\n\n#uc_archive_pagination_elementor_46a049e .page-numbers\n{\n  display:flex;\n  \n  align-items:center;\n  justify-content:center;\n  transition:0.3s;\n  line-height:1em;\n}\n\n\n#uc_archive_pagination_elementor_46a049e a.page-numbers, #uc_archive_pagination_elementor_46a049e .dots\n{\n  color:#000000;\n  background-color:;\n}\n\n#uc_archive_pagination_elementor_46a049e a.page-numbers:hover\n{\n  color:#6e6e6e;\n  background-color:#eeeeee;\n}\n\n#uc_archive_pagination_elementor_46a049e .page-numbers.current,\n#uc_archive_pagination_elementor_46a049e .page-numbers.current:hover\n{\n  background-color:#000000;\n  color:#ffffff;\n}\n\n\n#uc_archive_pagination_elementor_46a049e .page-numbers.prev, #uc_archive_pagination_elementor_46a049e .page-numbers.next\n{\n  padding-left:15px;\n  padding-right:15px;\n}\n\n\n\n#uc_archive_pagination_elementor_46a049e .prev:before {\n   font-family: \"Font Awesome 5 Free\";\n   content: \"\\f053\";\n   display: inline-block;\n   vertical-align: middle;\n   font-weight: 900;\n   padding-right:10px;}\n\n#uc_archive_pagination_elementor_46a049e .next:after {\n   font-family: \"Font Awesome 5 Free\";\n   content: \"\\f054\";\n   display: inline-block;\n   vertical-align: middle;\n   font-weight: 900;\n   padding-left:10px;}\n\n#uc_archive_pagination_elementor_46a049e.uc-ajax-loading{\n\topacity:1 !important;\n}\n\n#uc_archive_pagination_elementor_46a049e.uc-ajax-loading .current{\n\tposition:relative;\n    overflow:hidden;\n}\n\n\n#uc_archive_pagination_elementor_46a049e.uc-ajax-loading .current:before{\n  content: \"\";\n  display:block;\n  width:100%;\n  height:100%;\n  box-sizing:border-box;\n  position:absolute;\n  top:0px;\n  left:0px;\n  background-color: #c2c2c2;\n  animation: uc-spinning-border 0.5s linear infinite;\n  opacity:50%;\n  border-radius:inherit;\n}\n\n@keyframes uc-spinning-border {\n\t0%{transform: scale(0);}\n\t100%{transform: scale(1); }\t\n}\n\n\n\n<\/style>\n\n<div id=\"uc_archive_pagination_elementor_46a049e\" class=\"archive_pagination uc-filter-pagination\">\n\n<\/div>\t\t\t\t<\/div>\n\t\t\t\t<\/div>\n\t\t\t\t\t<\/div>\n\t\t\t\t<\/div>\n\t\t\t\t\t<\/div>\n\t\t\t\t<\/div>\n\t\t<div class=\"elementor-element elementor-element-8b085d2 e-con-full e-flex e-con e-parent\" data-id=\"8b085d2\" data-element_type=\"container\" data-e-type=\"container\" data-settings=\"{&quot;background_background&quot;:&quot;classic&quot;,&quot;background_motion_fx_motion_fx_scrolling&quot;:&quot;yes&quot;,&quot;background_motion_fx_translateY_effect&quot;:&quot;yes&quot;,&quot;background_motion_fx_translateY_speed&quot;:{&quot;unit&quot;:&quot;px&quot;,&quot;size&quot;:&quot;8&quot;,&quot;sizes&quot;:[]},&quot;background_motion_fx_translateY_affectedRange&quot;:{&quot;unit&quot;:&quot;%&quot;,&quot;size&quot;:&quot;&quot;,&quot;sizes&quot;:{&quot;start&quot;:&quot;0&quot;,&quot;end&quot;:&quot;55&quot;}},&quot;background_motion_fx_scale_effect&quot;:&quot;yes&quot;,&quot;background_motion_fx_scale_direction&quot;:&quot;in-out&quot;,&quot;shape_divider_top&quot;:&quot;triangle-asymmetrical&quot;,&quot;background_motion_fx_scale_speed&quot;:{&quot;unit&quot;:&quot;px&quot;,&quot;size&quot;:4,&quot;sizes&quot;:[]},&quot;background_motion_fx_scale_range&quot;:{&quot;unit&quot;:&quot;%&quot;,&quot;size&quot;:&quot;&quot;,&quot;sizes&quot;:{&quot;start&quot;:20,&quot;end&quot;:80}},&quot;background_motion_fx_devices&quot;:[&quot;desktop&quot;,&quot;tablet&quot;,&quot;mobile&quot;]}\">\n\t\t\t\t<div class=\"elementor-shape elementor-shape-top\" aria-hidden=\"true\" data-negative=\"false\">\n\t\t\t<svg xmlns=\"http:\/\/www.w3.org\/2000\/svg\" viewBox=\"0 0 1000 100\" preserveAspectRatio=\"none\">\n\t<path class=\"elementor-shape-fill\" d=\"M738,99l262-93V0H0v5.6L738,99z\"\/>\n<\/svg>\t\t<\/div>\n\t\t<div class=\"elementor-element elementor-element-45a4819 e-con-full e-flex e-con e-child\" data-id=\"45a4819\" data-element_type=\"container\" data-e-type=\"container\" data-settings=\"{&quot;background_background&quot;:&quot;classic&quot;}\">\n\t\t\t\t<\/div>\n\t\t\t\t<\/div>\n\t\t\t\t<\/div>\n\t\t","protected":false},"excerpt":{"rendered":"<p>Zeitschrift f\u00fcr Arznei- &amp; Gew\u00fcrzpflanzen The &#8220;Zeitschrift f\u00fcr Arznei- &amp; Gew\u00fcrzpflanzen&#8221; (ZAG) is the central forum for the dissemination of information in all areas of knowledge related to the production of medicinal and aromatic plants. The contributions include current results from research and practice and convey a broad spectrum of industry-specific information in the areas [&hellip;]<\/p>\n","protected":false},"author":3,"featured_media":0,"parent":19301,"menu_order":0,"comment_status":"closed","ping_status":"closed","template":"","meta":{"_acf_changed":false,"footnotes":""},"class_list":["post-19309","page","type-page","status-publish","hentry"],"acf":[],"_links":{"self":[{"href":"https:\/\/www.erling-verlag.com\/en\/wp-json\/wp\/v2\/pages\/19309","targetHints":{"allow":["GET"]}}],"collection":[{"href":"https:\/\/www.erling-verlag.com\/en\/wp-json\/wp\/v2\/pages"}],"about":[{"href":"https:\/\/www.erling-verlag.com\/en\/wp-json\/wp\/v2\/types\/page"}],"author":[{"embeddable":true,"href":"https:\/\/www.erling-verlag.com\/en\/wp-json\/wp\/v2\/users\/3"}],"replies":[{"embeddable":true,"href":"https:\/\/www.erling-verlag.com\/en\/wp-json\/wp\/v2\/comments?post=19309"}],"version-history":[{"count":0,"href":"https:\/\/www.erling-verlag.com\/en\/wp-json\/wp\/v2\/pages\/19309\/revisions"}],"up":[{"embeddable":true,"href":"https:\/\/www.erling-verlag.com\/en\/wp-json\/wp\/v2\/pages\/19301"}],"wp:attachment":[{"href":"https:\/\/www.erling-verlag.com\/en\/wp-json\/wp\/v2\/media?parent=19309"}],"curies":[{"name":"wp","href":"https:\/\/api.w.org\/{rel}","templated":true}]}}