{"id":19878,"date":"2019-04-25T10:24:13","date_gmt":"2019-04-25T08:24:13","guid":{"rendered":"https:\/\/www.erling-verlag.com\/product\/seed-cleaning-compendium\/"},"modified":"2023-06-09T10:54:18","modified_gmt":"2023-06-09T08:54:18","slug":"seed-cleaning-compendium","status":"publish","type":"product","link":"https:\/\/www.erling-verlag.com\/en\/product\/seed-cleaning-compendium\/","title":{"rendered":"Seed Cleaning Compendium"},"content":{"rendered":"<p><strong>A bit of air flow and vibrating perforated sheet metal packed in a steel frame doesn\u2019t make a proper seed and grain cleaner.<\/strong><br \/>\nCalculating effective screen area, determining appropriate screen diagrams, choosing adequate hole sizes or estimating crop specific bottlenecks is a science on its own. The theory behind seed and grain cleaning has never been published in such detail and compactness than in this present \u201cSeed Cleaning Compendium\u201d edition. It is the single release of the seed cleaning chapter of the \u201cHandbuch Saatgutaufbereitung\u201d, and the first time that this standard reference, based on the unique studies of Dr. Heiner Schwanz and Georg Pippel, is available in the English language. All contributing authors worked or are working for the PETKUS Group, a company that has been in the seed and grain processing business since 1852. They combine theory with practice on a high level. It is a helpful guide for practitioners, seed plant operators, seed technologists and students as well as for researchers.<\/p>\n","protected":false},"excerpt":{"rendered":"<p>Schwanz, Pippel, Vieth, I\u00dfbr\u00fccker, Kn\u00f6rzer<br \/>\n120 Seiten, Hardcover<br \/>\n2019<br \/>\nArt.-Nr.: 149-0<br \/>\nISBN: 978-3-86263-149-0<br \/>\nGewicht: 500 g<\/p>\n","protected":false},"featured_media":18935,"template":"","meta":{"_acf_changed":false},"product_brand":[],"product_cat":[1163,1168],"product_tag":[1186,1238,1245,1246,1248,1249,1250,1251],"class_list":{"0":"post-19878","1":"product","2":"type-product","3":"status-publish","4":"has-post-thumbnail","6":"product_cat-agrimedia-en","7":"product_cat-sorten-saatgut_en","8":"product_tag-show-en","9":"product_tag-englisch-en","10":"product_tag-petkus-en","11":"product_tag-sortensaatgut-en","12":"product_tag-149-0-en","13":"product_tag-978-3-86263-149-0-en","14":"product_tag-seed-en","15":"product_tag-seed-cleaning-en","17":"first","18":"instock","19":"taxable","20":"shipping-taxable","21":"purchasable","22":"product-type-simple","23":"add-to-wishlist-after_add_to_cart"},"acf":[],"_links":{"self":[{"href":"https:\/\/www.erling-verlag.com\/en\/wp-json\/wp\/v2\/product\/19878","targetHints":{"allow":["GET"]}}],"collection":[{"href":"https:\/\/www.erling-verlag.com\/en\/wp-json\/wp\/v2\/product"}],"about":[{"href":"https:\/\/www.erling-verlag.com\/en\/wp-json\/wp\/v2\/types\/product"}],"version-history":[{"count":0,"href":"https:\/\/www.erling-verlag.com\/en\/wp-json\/wp\/v2\/product\/19878\/revisions"}],"wp:featuredmedia":[{"embeddable":true,"href":"https:\/\/www.erling-verlag.com\/en\/wp-json\/wp\/v2\/media\/18935"}],"wp:attachment":[{"href":"https:\/\/www.erling-verlag.com\/en\/wp-json\/wp\/v2\/media?parent=19878"}],"wp:term":[{"taxonomy":"product_brand","embeddable":true,"href":"https:\/\/www.erling-verlag.com\/en\/wp-json\/wp\/v2\/product_brand?post=19878"},{"taxonomy":"product_cat","embeddable":true,"href":"https:\/\/www.erling-verlag.com\/en\/wp-json\/wp\/v2\/product_cat?post=19878"},{"taxonomy":"product_tag","embeddable":true,"href":"https:\/\/www.erling-verlag.com\/en\/wp-json\/wp\/v2\/product_tag?post=19878"}],"curies":[{"name":"wp","href":"https:\/\/api.w.org\/{rel}","templated":true}]}}