{"id":19903,"date":"2010-04-30T09:47:19","date_gmt":"2010-04-30T07:47:19","guid":{"rendered":"https:\/\/www.erling-verlag.com\/product\/directory-of-the-potato-industry\/"},"modified":"2010-04-30T09:47:19","modified_gmt":"2010-04-30T07:47:19","slug":"directory-of-the-potato-industry","status":"publish","type":"product","link":"https:\/\/www.erling-verlag.com\/en\/product\/directory-of-the-potato-industry\/","title":{"rendered":"Directory of the Potato Industry"},"content":{"rendered":"<p><strong>Datenbestand aus dem Adressbuch der Kartoffelwirtschaft im xls.-Format. F\u00fcr Direktmarketing, Seriendruck und vieles mehr. Hier finden Sie \u00fcber 3200 Adressen der Kartoffelbranche Europas: von H\u00e4ndlern und der verarbeitenden Industrie bis hin zu Organisationen und Dienstleistern! Mit dieser neu recherchierten und \u00fcberarbeiteten Auflage wird ein umfangreicher Datenbestand auf hohem Standard pr\u00e4sentiert. Neben dem Schwerpunkt Deutschland wurden rund 20 europ\u00e4ische L\u00e4nder ber\u00fccksichtigt. Umfangreiche Einzelbefragungen und Recherchen, die in der gesamten Branche durchgef\u00fchrt wurden, gew\u00e4hrleisten gr\u00f6\u00dftm\u00f6gliche Aktualit\u00e4t.<\/strong><\/p>\n<p>Der Hauptteil widmet sich mit ca. 1200 Adressen dem gesamten deutschen Markt und umfasst dabei mit rund 500 Adressen allein aus den Bereichen Beh\u00f6rden, Organisationen, Industrie und Dienstleistungen alle wichtigen Sparten:<\/p>\n<ul>\n<li>Verb\u00e4nde, Organisationen und Verwaltung<\/li>\n<li>Schiedsgerichtswesen: Berliner Vereinbarungen und RUCIP mit einer Auflistung aktiver Schiedsrichter und Sachverst\u00e4ndiger<\/li>\n<li>Handelsmakler und Gro\u00dfhandelsmakler<\/li>\n<li>Produkten- und Warenb\u00f6rsen<\/li>\n<li>Kartoffel-Museumsf\u00fchrer<\/li>\n<li>Maschinen, Technik und Zubeh\u00f6r vom Anbau bis zur Vermarktung<\/li>\n<li>Pflanzenschutz- und D\u00fcngerindustrie<\/li>\n<li>Z\u00fcchter und Zuchtvertriebsstellen<\/li>\n<\/ul>\n<p>Es folgen weitere 700 Adressen von Kartoffelh\u00e4ndlern der verschiedenen Stufen und Funktionen in Deutschland, gegliedert nach Bundesl\u00e4ndern. Der europ\u00e4ische Adressteil schlie\u00dft sich daran an. Er gliedert sich in die Firmen- und Ortsregister der jeweiligen europ\u00e4ischen L\u00e4nder. Diese Auflage wurde zweisprachig, englisch-deutsch, konzipiert.<\/p>\n","protected":false},"excerpt":{"rendered":"<p>Daten-CD<br \/>\n2006<br \/>\nArt.-Nr.: 297-1 CD<br \/>\nISBN: 3-86037-297-1<br \/>\nGewicht: 200 g<\/p>\n","protected":false},"featured_media":18904,"template":"","meta":{"_acf_changed":false},"product_brand":[],"product_cat":[1163,1166],"product_tag":[1186,1238,1239,1304,1312,1313,1314,1315,1316],"class_list":{"0":"post-19903","1":"product","2":"type-product","3":"status-publish","4":"has-post-thumbnail","6":"product_cat-agrimedia-en","7":"product_cat-kartoffeln_en","8":"product_tag-show-en","9":"product_tag-englisch-en","10":"product_tag-kartoffel-en","11":"product_tag-potatoes-en","12":"product_tag-297-1-en","13":"product_tag-3-86037-297-1-en","14":"product_tag-directory-en","15":"product_tag-handel-en","16":"product_tag-potato-industry-en","18":"first","19":"instock","20":"taxable","21":"shipping-taxable","22":"purchasable","23":"product-type-simple","24":"add-to-wishlist-after_add_to_cart"},"acf":[],"_links":{"self":[{"href":"https:\/\/www.erling-verlag.com\/en\/wp-json\/wp\/v2\/product\/19903","targetHints":{"allow":["GET"]}}],"collection":[{"href":"https:\/\/www.erling-verlag.com\/en\/wp-json\/wp\/v2\/product"}],"about":[{"href":"https:\/\/www.erling-verlag.com\/en\/wp-json\/wp\/v2\/types\/product"}],"version-history":[{"count":0,"href":"https:\/\/www.erling-verlag.com\/en\/wp-json\/wp\/v2\/product\/19903\/revisions"}],"wp:featuredmedia":[{"embeddable":true,"href":"https:\/\/www.erling-verlag.com\/en\/wp-json\/wp\/v2\/media\/18904"}],"wp:attachment":[{"href":"https:\/\/www.erling-verlag.com\/en\/wp-json\/wp\/v2\/media?parent=19903"}],"wp:term":[{"taxonomy":"product_brand","embeddable":true,"href":"https:\/\/www.erling-verlag.com\/en\/wp-json\/wp\/v2\/product_brand?post=19903"},{"taxonomy":"product_cat","embeddable":true,"href":"https:\/\/www.erling-verlag.com\/en\/wp-json\/wp\/v2\/product_cat?post=19903"},{"taxonomy":"product_tag","embeddable":true,"href":"https:\/\/www.erling-verlag.com\/en\/wp-json\/wp\/v2\/product_tag?post=19903"}],"curies":[{"name":"wp","href":"https:\/\/api.w.org\/{rel}","templated":true}]}}